{"id":1306,"date":"2025-11-02T18:53:02","date_gmt":"2025-11-02T18:53:02","guid":{"rendered":"https:\/\/premiumclinic.al\/?page_id=1306"},"modified":"2025-12-27T19:49:05","modified_gmt":"2025-12-27T19:49:05","slug":"blog","status":"publish","type":"page","link":"https:\/\/premiumclinic.al\/en\/blog\/","title":{"rendered":"News"},"content":{"rendered":"<div data-elementor-type=\"wp-page\" data-elementor-id=\"1306\" class=\"elementor elementor-1306\" data-elementor-post-type=\"page\">\n\t\t\t\t<div class=\"elementor-element elementor-element-fc9c483 e-flex e-con-boxed e-con e-parent\" data-id=\"fc9c483\" data-element_type=\"container\" data-e-type=\"container\">\n\t\t\t\t\t<div class=\"e-con-inner\">\n\t\t\t\t<div class=\"elementor-element elementor-element-cf92bbc elementor-grid-3 elementor-grid-tablet-2 elementor-grid-mobile-1 elementor-posts--thumbnail-top elementor-widget elementor-widget-posts\" data-id=\"cf92bbc\" data-element_type=\"widget\" data-e-type=\"widget\" data-settings=\"{&quot;classic_columns&quot;:&quot;3&quot;,&quot;classic_columns_tablet&quot;:&quot;2&quot;,&quot;classic_columns_mobile&quot;:&quot;1&quot;,&quot;classic_row_gap&quot;:{&quot;unit&quot;:&quot;px&quot;,&quot;size&quot;:35,&quot;sizes&quot;:[]},&quot;classic_row_gap_tablet&quot;:{&quot;unit&quot;:&quot;px&quot;,&quot;size&quot;:&quot;&quot;,&quot;sizes&quot;:[]},&quot;classic_row_gap_mobile&quot;:{&quot;unit&quot;:&quot;px&quot;,&quot;size&quot;:&quot;&quot;,&quot;sizes&quot;:[]}}\" data-widget_type=\"posts.classic\">\n\t\t\t\t<div class=\"elementor-widget-container\">\n\t\t\t\t\t\t\t<div class=\"elementor-posts-container elementor-posts elementor-posts--skin-classic elementor-grid\" role=\"list\">\n\t\t\t\t<article class=\"elementor-post elementor-grid-item post-2121 post type-post status-publish format-standard has-post-thumbnail hentry category-uncategorized\" role=\"listitem\">\n\t\t\t\t<a class=\"elementor-post__thumbnail__link\" href=\"https:\/\/premiumclinic.al\/en\/iv-therapy-terapia-intravenoze\/\" tabindex=\"-1\" >\n\t\t\t<div class=\"elementor-post__thumbnail\"><img fetchpriority=\"high\" decoding=\"async\" width=\"1080\" height=\"1350\" src=\"https:\/\/premiumclinic.al\/wp-content\/uploads\/2026\/04\/1.jpg\" class=\"attachment-1536x1536 size-1536x1536 wp-image-2123\" alt=\"\" srcset=\"https:\/\/premiumclinic.al\/wp-content\/uploads\/2026\/04\/1.jpg 1080w, https:\/\/premiumclinic.al\/wp-content\/uploads\/2026\/04\/1-240x300.jpg 240w, https:\/\/premiumclinic.al\/wp-content\/uploads\/2026\/04\/1-819x1024.jpg 819w, https:\/\/premiumclinic.al\/wp-content\/uploads\/2026\/04\/1-768x960.jpg 768w, https:\/\/premiumclinic.al\/wp-content\/uploads\/2026\/04\/1-10x12.jpg 10w\" sizes=\"(max-width: 1080px) 100vw, 1080px\" \/><\/div>\n\t\t<\/a>\n\t\t\t\t<div class=\"elementor-post__text\">\n\t\t\t\t<h3 class=\"elementor-post__title\">\n\t\t\t<a href=\"https:\/\/premiumclinic.al\/en\/iv-therapy-terapia-intravenoze\/\" >\n\t\t\t\tFUQIZIMI I IMUNITETIT PERMES TERAPIVE VENOZE\t\t\t<\/a>\n\t\t<\/h3>\n\t\t\n\t\t<a class=\"elementor-post__read-more\" href=\"https:\/\/premiumclinic.al\/en\/iv-therapy-terapia-intravenoze\/\" aria-label=\"Read more about FUQIZIMI I IMUNITETIT PERMES TERAPIVE VENOZE\" tabindex=\"-1\" >\n\t\t\tLexo m\u00eb shum\u00eb \u00bb\t\t<\/a>\n\n\t\t\t\t<\/div>\n\t\t\t\t<\/article>\n\t\t\t\t<article class=\"elementor-post elementor-grid-item post-2007 post type-post status-publish format-standard has-post-thumbnail hentry category-uncategorized\" role=\"listitem\">\n\t\t\t\t<a class=\"elementor-post__thumbnail__link\" href=\"https:\/\/premiumclinic.al\/en\/ja-cilat-jane-10-perfitimet-nese-do-te-zbatohen-protokollet-mjekesore-ne-sistemin-tone-shendetesor\/\" tabindex=\"-1\" >\n\t\t\t<div class=\"elementor-post__thumbnail\"><img decoding=\"async\" width=\"1536\" height=\"832\" src=\"https:\/\/premiumclinic.al\/wp-content\/uploads\/2025\/12\/Screenshot_6-e1766867082531-1536x832.png\" class=\"attachment-1536x1536 size-1536x1536 wp-image-2009\" alt=\"QAMIL DIKA PREMIUM CLINIC\" srcset=\"https:\/\/premiumclinic.al\/wp-content\/uploads\/2025\/12\/Screenshot_6-e1766867082531-1536x832.png 1536w, https:\/\/premiumclinic.al\/wp-content\/uploads\/2025\/12\/Screenshot_6-e1766867082531-300x163.png 300w, https:\/\/premiumclinic.al\/wp-content\/uploads\/2025\/12\/Screenshot_6-e1766867082531-1024x555.png 1024w, https:\/\/premiumclinic.al\/wp-content\/uploads\/2025\/12\/Screenshot_6-e1766867082531-768x416.png 768w, https:\/\/premiumclinic.al\/wp-content\/uploads\/2025\/12\/Screenshot_6-e1766867082531-18x10.png 18w, https:\/\/premiumclinic.al\/wp-content\/uploads\/2025\/12\/Screenshot_6-e1766867082531.png 1816w\" sizes=\"(max-width: 1536px) 100vw, 1536px\" \/><\/div>\n\t\t<\/a>\n\t\t\t\t<div class=\"elementor-post__text\">\n\t\t\t\t<h3 class=\"elementor-post__title\">\n\t\t\t<a href=\"https:\/\/premiumclinic.al\/en\/ja-cilat-jane-10-perfitimet-nese-do-te-zbatohen-protokollet-mjekesore-ne-sistemin-tone-shendetesor\/\" >\n\t\t\t\tJA CILAT JAN\u00cb 10 P\u00cbRFITIMET N\u00cbSE DO T\u00cb ZBATOHEN PROTOKOLLET MJEK\u00cbSORE N\u00cb SISTEMIN TON\u00cb SH\u00cbNDET\u00cbSOR\t\t\t<\/a>\n\t\t<\/h3>\n\t\t\n\t\t<a class=\"elementor-post__read-more\" href=\"https:\/\/premiumclinic.al\/en\/ja-cilat-jane-10-perfitimet-nese-do-te-zbatohen-protokollet-mjekesore-ne-sistemin-tone-shendetesor\/\" aria-label=\"Read more about JA CILAT JAN\u00cb 10 P\u00cbRFITIMET N\u00cbSE DO T\u00cb ZBATOHEN PROTOKOLLET MJEK\u00cbSORE N\u00cb SISTEMIN TON\u00cb SH\u00cbNDET\u00cbSOR\" tabindex=\"-1\" >\n\t\t\tLexo m\u00eb shum\u00eb \u00bb\t\t<\/a>\n\n\t\t\t\t<\/div>\n\t\t\t\t<\/article>\n\t\t\t\t<article class=\"elementor-post elementor-grid-item post-1979 post type-post status-publish format-standard has-post-thumbnail hentry category-uncategorized\" role=\"listitem\">\n\t\t\t\t<a class=\"elementor-post__thumbnail__link\" href=\"https:\/\/premiumclinic.al\/en\/premium-clinic\/\" tabindex=\"-1\" >\n\t\t\t<div class=\"elementor-post__thumbnail\"><img decoding=\"async\" width=\"1536\" height=\"998\" src=\"https:\/\/premiumclinic.al\/wp-content\/uploads\/2025\/11\/PremiumClinicTirana1-1536x998.jpeg\" class=\"attachment-1536x1536 size-1536x1536 wp-image-1916\" alt=\"\" srcset=\"https:\/\/premiumclinic.al\/wp-content\/uploads\/2025\/11\/PremiumClinicTirana1-1536x998.jpeg 1536w, https:\/\/premiumclinic.al\/wp-content\/uploads\/2025\/11\/PremiumClinicTirana1-300x195.jpeg 300w, https:\/\/premiumclinic.al\/wp-content\/uploads\/2025\/11\/PremiumClinicTirana1-1024x666.jpeg 1024w, https:\/\/premiumclinic.al\/wp-content\/uploads\/2025\/11\/PremiumClinicTirana1-768x499.jpeg 768w, https:\/\/premiumclinic.al\/wp-content\/uploads\/2025\/11\/PremiumClinicTirana1-18x12.jpeg 18w, https:\/\/premiumclinic.al\/wp-content\/uploads\/2025\/11\/PremiumClinicTirana1.jpeg 1600w\" sizes=\"(max-width: 1536px) 100vw, 1536px\" \/><\/div>\n\t\t<\/a>\n\t\t\t\t<div class=\"elementor-post__text\">\n\t\t\t\t<h3 class=\"elementor-post__title\">\n\t\t\t<a href=\"https:\/\/premiumclinic.al\/en\/premium-clinic\/\" >\n\t\t\t\tPremium Clinic\t\t\t<\/a>\n\t\t<\/h3>\n\t\t\n\t\t<a class=\"elementor-post__read-more\" href=\"https:\/\/premiumclinic.al\/en\/premium-clinic\/\" aria-label=\"Read more about Premium Clinic\" tabindex=\"-1\" >\n\t\t\tLexo m\u00eb shum\u00eb \u00bb\t\t<\/a>\n\n\t\t\t\t<\/div>\n\t\t\t\t<\/article>\n\t\t\t\t<article class=\"elementor-post elementor-grid-item post-1970 post type-post status-publish format-standard has-post-thumbnail hentry category-uncategorized\" role=\"listitem\">\n\t\t\t\t<a class=\"elementor-post__thumbnail__link\" href=\"https:\/\/premiumclinic.al\/en\/https-premiumclinic-al-blog\/\" tabindex=\"-1\" >\n\t\t\t<div class=\"elementor-post__thumbnail\"><img loading=\"lazy\" decoding=\"async\" width=\"1267\" height=\"1536\" src=\"https:\/\/premiumclinic.al\/wp-content\/uploads\/2025\/12\/marreveshje-premium-ust-1-1267x1536.jpeg\" class=\"attachment-1536x1536 size-1536x1536 wp-image-1971\" alt=\"\" srcset=\"https:\/\/premiumclinic.al\/wp-content\/uploads\/2025\/12\/marreveshje-premium-ust-1-1267x1536.jpeg 1267w, https:\/\/premiumclinic.al\/wp-content\/uploads\/2025\/12\/marreveshje-premium-ust-1-248x300.jpeg 248w, https:\/\/premiumclinic.al\/wp-content\/uploads\/2025\/12\/marreveshje-premium-ust-1-845x1024.jpeg 845w, https:\/\/premiumclinic.al\/wp-content\/uploads\/2025\/12\/marreveshje-premium-ust-1-768x931.jpeg 768w, https:\/\/premiumclinic.al\/wp-content\/uploads\/2025\/12\/marreveshje-premium-ust-1-10x12.jpeg 10w, https:\/\/premiumclinic.al\/wp-content\/uploads\/2025\/12\/marreveshje-premium-ust-1.jpeg 1284w\" sizes=\"(max-width: 1267px) 100vw, 1267px\" \/><\/div>\n\t\t<\/a>\n\t\t\t\t<div class=\"elementor-post__text\">\n\t\t\t\t<h3 class=\"elementor-post__title\">\n\t\t\t<a href=\"https:\/\/premiumclinic.al\/en\/https-premiumclinic-al-blog\/\" >\n\t\t\t\tN\u00ebnshkrimi i marr\u00ebveshjes s\u00eb bashk\u00ebpunimit nd\u00ebrmjet Universitetit t\u00eb Sporteve t\u00eb Tiran\u00ebs dhe Premium Clinic\t\t\t<\/a>\n\t\t<\/h3>\n\t\t\n\t\t<a class=\"elementor-post__read-more\" href=\"https:\/\/premiumclinic.al\/en\/https-premiumclinic-al-blog\/\" aria-label=\"Read more about N\u00ebnshkrimi i marr\u00ebveshjes s\u00eb bashk\u00ebpunimit nd\u00ebrmjet Universitetit t\u00eb Sporteve t\u00eb Tiran\u00ebs dhe Premium Clinic\" tabindex=\"-1\" >\n\t\t\tLexo m\u00eb shum\u00eb \u00bb\t\t<\/a>\n\n\t\t\t\t<\/div>\n\t\t\t\t<\/article>\n\t\t\t\t<article class=\"elementor-post elementor-grid-item post-1926 post type-post status-publish format-standard has-post-thumbnail hentry category-uncategorized\" role=\"listitem\">\n\t\t\t\t<a class=\"elementor-post__thumbnail__link\" href=\"https:\/\/premiumclinic.al\/en\/membership-card-ne-premium-clinic\/\" tabindex=\"-1\" >\n\t\t\t<div class=\"elementor-post__thumbnail\"><img loading=\"lazy\" decoding=\"async\" width=\"500\" height=\"313\" src=\"https:\/\/premiumclinic.al\/wp-content\/uploads\/2025\/12\/Dhuro-Shendet-e1766863762761.png\" class=\"attachment-1536x1536 size-1536x1536 wp-image-1927\" alt=\"\" srcset=\"https:\/\/premiumclinic.al\/wp-content\/uploads\/2025\/12\/Dhuro-Shendet-e1766863762761.png 500w, https:\/\/premiumclinic.al\/wp-content\/uploads\/2025\/12\/Dhuro-Shendet-e1766863762761-300x188.png 300w, https:\/\/premiumclinic.al\/wp-content\/uploads\/2025\/12\/Dhuro-Shendet-e1766863762761-18x12.png 18w\" sizes=\"(max-width: 500px) 100vw, 500px\" \/><\/div>\n\t\t<\/a>\n\t\t\t\t<div class=\"elementor-post__text\">\n\t\t\t\t<h3 class=\"elementor-post__title\">\n\t\t\t<a href=\"https:\/\/premiumclinic.al\/en\/membership-card-ne-premium-clinic\/\" >\n\t\t\t\tMembership Card n\u00eb Premium Clinic\t\t\t<\/a>\n\t\t<\/h3>\n\t\t\n\t\t<a class=\"elementor-post__read-more\" href=\"https:\/\/premiumclinic.al\/en\/membership-card-ne-premium-clinic\/\" aria-label=\"Read more about Membership Card n\u00eb Premium Clinic\" tabindex=\"-1\" >\n\t\t\tLexo m\u00eb shum\u00eb \u00bb\t\t<\/a>\n\n\t\t\t\t<\/div>\n\t\t\t\t<\/article>\n\t\t\t\t<article class=\"elementor-post elementor-grid-item post-1171 post type-post status-publish format-standard has-post-thumbnail hentry category-blog\" role=\"listitem\">\n\t\t\t\t<a class=\"elementor-post__thumbnail__link\" href=\"https:\/\/premiumclinic.al\/en\/sot-u-nenshkrua-nje-marreveshje-bashkepunimi-ndermjet-universitetit-te-mjekesise-tirane-dhe-premium-clinic\/\" tabindex=\"-1\" >\n\t\t\t<div class=\"elementor-post__thumbnail\"><img loading=\"lazy\" decoding=\"async\" width=\"1536\" height=\"1023\" src=\"https:\/\/premiumclinic.al\/wp-content\/uploads\/2025\/11\/marreveshje-premium-umt-1536x1023.jpeg\" class=\"attachment-1536x1536 size-1536x1536 wp-image-1981\" alt=\"\" srcset=\"https:\/\/premiumclinic.al\/wp-content\/uploads\/2025\/11\/marreveshje-premium-umt-1536x1023.jpeg 1536w, https:\/\/premiumclinic.al\/wp-content\/uploads\/2025\/11\/marreveshje-premium-umt-300x200.jpeg 300w, https:\/\/premiumclinic.al\/wp-content\/uploads\/2025\/11\/marreveshje-premium-umt-1024x682.jpeg 1024w, https:\/\/premiumclinic.al\/wp-content\/uploads\/2025\/11\/marreveshje-premium-umt-768x512.jpeg 768w, https:\/\/premiumclinic.al\/wp-content\/uploads\/2025\/11\/marreveshje-premium-umt-18x12.jpeg 18w, https:\/\/premiumclinic.al\/wp-content\/uploads\/2025\/11\/marreveshje-premium-umt.jpeg 1600w\" sizes=\"(max-width: 1536px) 100vw, 1536px\" \/><\/div>\n\t\t<\/a>\n\t\t\t\t<div class=\"elementor-post__text\">\n\t\t\t\t<h3 class=\"elementor-post__title\">\n\t\t\t<a href=\"https:\/\/premiumclinic.al\/en\/sot-u-nenshkrua-nje-marreveshje-bashkepunimi-ndermjet-universitetit-te-mjekesise-tirane-dhe-premium-clinic\/\" >\n\t\t\t\tN\u00ebnshkrimi i marr\u00ebveshjes s\u00eb bashk\u00ebpunimit nd\u00ebrmjet Universitetit t\u00eb Mjek\u00ebsis\u00eb, Tiran\u00eb dhe Premium Clinic.\t\t\t<\/a>\n\t\t<\/h3>\n\t\t\n\t\t<a class=\"elementor-post__read-more\" href=\"https:\/\/premiumclinic.al\/en\/sot-u-nenshkrua-nje-marreveshje-bashkepunimi-ndermjet-universitetit-te-mjekesise-tirane-dhe-premium-clinic\/\" aria-label=\"Read more about N\u00ebnshkrimi i marr\u00ebveshjes s\u00eb bashk\u00ebpunimit nd\u00ebrmjet Universitetit t\u00eb Mjek\u00ebsis\u00eb, Tiran\u00eb dhe Premium Clinic.\" tabindex=\"-1\" >\n\t\t\tLexo m\u00eb shum\u00eb \u00bb\t\t<\/a>\n\n\t\t\t\t<\/div>\n\t\t\t\t<\/article>\n\t\t\t\t<\/div>\n\t\t\n\t\t\t\t\t\t<\/div>\n\t\t\t\t<\/div>\n\t\t\t\t\t<\/div>\n\t\t\t\t<\/div>\n\t\t\t\t<\/div>","protected":false},"excerpt":{"rendered":"","protected":false},"author":1,"featured_media":1914,"parent":0,"menu_order":0,"comment_status":"closed","ping_status":"closed","template":"","meta":{"footnotes":""},"class_list":["post-1306","page","type-page","status-publish","has-post-thumbnail","hentry"],"yoast_head":"<!-- This site is optimized with the Yoast SEO Premium plugin v26.9 (Yoast SEO v27.4) - https:\/\/yoast.com\/product\/yoast-seo-premium-wordpress\/ -->\n<title>Publikime - Premium Clinic<\/title>\n<meta name=\"description\" content=\"PREMIUM CLINIC \u00ebsht\u00eb nj\u00eb struktur\u00eb sh\u00ebrbimi sh\u00ebndet\u00ebsor n\u00eb t\u00eb cil\u00ebn g\u00ebrshetohen, profesionalizmi, cil\u00ebsia, eksperienca akademike, infrastuktura , aksesi, teknologjia m\u00eb e fundit mjek\u00ebsore, tradita familjare prej te pakten 5 dekadash p\u00ebr t\u00eb ofruar nivelin e sh\u00ebrbimit sh\u00ebndet\u00ebsor m\u00eb t\u00eb lart\u00eb ndaj qytetar\u00ebve, bazuar n\u00eb standarde dhe protokollet nd\u00ebrkomb\u00ebtare.\" \/>\n<meta name=\"robots\" content=\"index, follow, max-snippet:-1, max-image-preview:large, max-video-preview:-1\" \/>\n<link rel=\"canonical\" href=\"http:\/\/premiumclinic.al\/en\/blog\/\" \/>\n<meta property=\"og:locale\" content=\"en_US\" \/>\n<meta property=\"og:type\" content=\"article\" \/>\n<meta property=\"og:title\" content=\"Publikime\" \/>\n<meta property=\"og:description\" content=\"PREMIUM CLINIC \u00ebsht\u00eb nj\u00eb struktur\u00eb sh\u00ebrbimi sh\u00ebndet\u00ebsor n\u00eb t\u00eb cil\u00ebn g\u00ebrshetohen, profesionalizmi, cil\u00ebsia, eksperienca akademike, infrastuktura , aksesi, teknologjia m\u00eb e fundit mjek\u00ebsore, tradita familjare prej te pakten 5 dekadash p\u00ebr t\u00eb ofruar nivelin e sh\u00ebrbimit sh\u00ebndet\u00ebsor m\u00eb t\u00eb lart\u00eb ndaj qytetar\u00ebve, bazuar n\u00eb standarde dhe protokollet nd\u00ebrkomb\u00ebtare.\" \/>\n<meta property=\"og:url\" content=\"http:\/\/premiumclinic.al\/en\/blog\/\" \/>\n<meta property=\"og:site_name\" content=\"Premium Clinic\" \/>\n<meta property=\"article:modified_time\" content=\"2025-12-27T19:49:05+00:00\" \/>\n<meta property=\"og:image\" content=\"http:\/\/premiumclinic.al\/wp-content\/uploads\/2025\/11\/PremiumClinicTirana3-e1764456984130.jpeg\" \/>\n\t<meta property=\"og:image:width\" content=\"1437\" \/>\n\t<meta property=\"og:image:height\" content=\"1040\" \/>\n\t<meta property=\"og:image:type\" content=\"image\/jpeg\" \/>\n<meta name=\"twitter:card\" content=\"summary_large_image\" \/>\n<meta name=\"twitter:label1\" content=\"Est. reading time\" \/>\n\t<meta name=\"twitter:data1\" content=\"2 minutes\" \/>\n<script type=\"application\/ld+json\" class=\"yoast-schema-graph\">{\"@context\":\"https:\\\/\\\/schema.org\",\"@graph\":[{\"@type\":\"WebPage\",\"@id\":\"http:\\\/\\\/premiumclinic.al\\\/blog\\\/\",\"url\":\"http:\\\/\\\/premiumclinic.al\\\/blog\\\/\",\"name\":\"Publikime - Premium Clinic\",\"isPartOf\":{\"@id\":\"http:\\\/\\\/premiumclinic.al\\\/#website\"},\"primaryImageOfPage\":{\"@id\":\"http:\\\/\\\/premiumclinic.al\\\/blog\\\/#primaryimage\"},\"image\":{\"@id\":\"http:\\\/\\\/premiumclinic.al\\\/blog\\\/#primaryimage\"},\"thumbnailUrl\":\"https:\\\/\\\/premiumclinic.al\\\/wp-content\\\/uploads\\\/2025\\\/11\\\/PremiumClinicTirana3-e1764456984130.jpeg\",\"datePublished\":\"2025-11-02T18:53:02+00:00\",\"dateModified\":\"2025-12-27T19:49:05+00:00\",\"description\":\"PREMIUM CLINIC \u00ebsht\u00eb nj\u00eb struktur\u00eb sh\u00ebrbimi sh\u00ebndet\u00ebsor n\u00eb t\u00eb cil\u00ebn g\u00ebrshetohen, profesionalizmi, cil\u00ebsia, eksperienca akademike, infrastuktura , aksesi, teknologjia m\u00eb e fundit mjek\u00ebsore, tradita familjare prej te pakten 5 dekadash p\u00ebr t\u00eb ofruar nivelin e sh\u00ebrbimit sh\u00ebndet\u00ebsor m\u00eb t\u00eb lart\u00eb ndaj qytetar\u00ebve, bazuar n\u00eb standarde dhe protokollet nd\u00ebrkomb\u00ebtare.\",\"breadcrumb\":{\"@id\":\"http:\\\/\\\/premiumclinic.al\\\/blog\\\/#breadcrumb\"},\"inLanguage\":\"en-US\",\"potentialAction\":[{\"@type\":\"ReadAction\",\"target\":[\"http:\\\/\\\/premiumclinic.al\\\/blog\\\/\"]}]},{\"@type\":\"ImageObject\",\"inLanguage\":\"en-US\",\"@id\":\"http:\\\/\\\/premiumclinic.al\\\/blog\\\/#primaryimage\",\"url\":\"https:\\\/\\\/premiumclinic.al\\\/wp-content\\\/uploads\\\/2025\\\/11\\\/PremiumClinicTirana3-e1764456984130.jpeg\",\"contentUrl\":\"https:\\\/\\\/premiumclinic.al\\\/wp-content\\\/uploads\\\/2025\\\/11\\\/PremiumClinicTirana3-e1764456984130.jpeg\",\"width\":1437,\"height\":1040,\"caption\":\"Premium Clinic\"},{\"@type\":\"BreadcrumbList\",\"@id\":\"http:\\\/\\\/premiumclinic.al\\\/blog\\\/#breadcrumb\",\"itemListElement\":[{\"@type\":\"ListItem\",\"position\":1,\"name\":\"Home\",\"item\":\"https:\\\/\\\/premiumclinic.al\\\/\"},{\"@type\":\"ListItem\",\"position\":2,\"name\":\"Publikime\"}]},{\"@type\":\"WebSite\",\"@id\":\"http:\\\/\\\/premiumclinic.al\\\/#website\",\"url\":\"http:\\\/\\\/premiumclinic.al\\\/\",\"name\":\"Premium Clinic\",\"description\":\"\",\"publisher\":{\"@id\":\"http:\\\/\\\/premiumclinic.al\\\/#organization\"},\"potentialAction\":[{\"@type\":\"SearchAction\",\"target\":{\"@type\":\"EntryPoint\",\"urlTemplate\":\"http:\\\/\\\/premiumclinic.al\\\/?s={search_term_string}\"},\"query-input\":{\"@type\":\"PropertyValueSpecification\",\"valueRequired\":true,\"valueName\":\"search_term_string\"}}],\"inLanguage\":\"en-US\"},{\"@type\":[\"Organization\",\"Place\"],\"@id\":\"http:\\\/\\\/premiumclinic.al\\\/#organization\",\"name\":\"Premium Clinic\",\"url\":\"http:\\\/\\\/premiumclinic.al\\\/\",\"logo\":{\"@id\":\"http:\\\/\\\/premiumclinic.al\\\/blog\\\/#local-main-organization-logo\"},\"image\":{\"@id\":\"http:\\\/\\\/premiumclinic.al\\\/blog\\\/#local-main-organization-logo\"},\"telephone\":[],\"openingHoursSpecification\":[{\"@type\":\"OpeningHoursSpecification\",\"dayOfWeek\":[\"Monday\",\"Tuesday\",\"Wednesday\",\"Thursday\",\"Friday\",\"Saturday\",\"Sunday\"],\"opens\":\"09:00\",\"closes\":\"17:00\"}]},{\"@type\":\"ImageObject\",\"inLanguage\":\"en-US\",\"@id\":\"http:\\\/\\\/premiumclinic.al\\\/blog\\\/#local-main-organization-logo\",\"url\":\"https:\\\/\\\/premiumclinic.al\\\/wp-content\\\/uploads\\\/2025\\\/11\\\/Untitled-design-31.jpg\",\"contentUrl\":\"https:\\\/\\\/premiumclinic.al\\\/wp-content\\\/uploads\\\/2025\\\/11\\\/Untitled-design-31.jpg\",\"width\":1000,\"height\":800,\"caption\":\"Premium Clinic\"}]}<\/script>\n<!-- \/ Yoast SEO Premium plugin. -->","yoast_head_json":{"title":"Publikime - Premium Clinic","description":"PREMIUM CLINIC \u00ebsht\u00eb nj\u00eb struktur\u00eb sh\u00ebrbimi sh\u00ebndet\u00ebsor n\u00eb t\u00eb cil\u00ebn g\u00ebrshetohen, profesionalizmi, cil\u00ebsia, eksperienca akademike, infrastuktura , aksesi, teknologjia m\u00eb e fundit mjek\u00ebsore, tradita familjare prej te pakten 5 dekadash p\u00ebr t\u00eb ofruar nivelin e sh\u00ebrbimit sh\u00ebndet\u00ebsor m\u00eb t\u00eb lart\u00eb ndaj qytetar\u00ebve, bazuar n\u00eb standarde dhe protokollet nd\u00ebrkomb\u00ebtare.","robots":{"index":"index","follow":"follow","max-snippet":"max-snippet:-1","max-image-preview":"max-image-preview:large","max-video-preview":"max-video-preview:-1"},"canonical":"http:\/\/premiumclinic.al\/en\/blog\/","og_locale":"en_US","og_type":"article","og_title":"Publikime","og_description":"PREMIUM CLINIC \u00ebsht\u00eb nj\u00eb struktur\u00eb sh\u00ebrbimi sh\u00ebndet\u00ebsor n\u00eb t\u00eb cil\u00ebn g\u00ebrshetohen, profesionalizmi, cil\u00ebsia, eksperienca akademike, infrastuktura , aksesi, teknologjia m\u00eb e fundit mjek\u00ebsore, tradita familjare prej te pakten 5 dekadash p\u00ebr t\u00eb ofruar nivelin e sh\u00ebrbimit sh\u00ebndet\u00ebsor m\u00eb t\u00eb lart\u00eb ndaj qytetar\u00ebve, bazuar n\u00eb standarde dhe protokollet nd\u00ebrkomb\u00ebtare.","og_url":"http:\/\/premiumclinic.al\/en\/blog\/","og_site_name":"Premium Clinic","article_modified_time":"2025-12-27T19:49:05+00:00","og_image":[{"width":1437,"height":1040,"url":"http:\/\/premiumclinic.al\/wp-content\/uploads\/2025\/11\/PremiumClinicTirana3-e1764456984130.jpeg","type":"image\/jpeg"}],"twitter_card":"summary_large_image","twitter_misc":{"Est. reading time":"2 minutes"},"schema":{"@context":"https:\/\/schema.org","@graph":[{"@type":"WebPage","@id":"http:\/\/premiumclinic.al\/blog\/","url":"http:\/\/premiumclinic.al\/blog\/","name":"Publikime - Premium Clinic","isPartOf":{"@id":"http:\/\/premiumclinic.al\/#website"},"primaryImageOfPage":{"@id":"http:\/\/premiumclinic.al\/blog\/#primaryimage"},"image":{"@id":"http:\/\/premiumclinic.al\/blog\/#primaryimage"},"thumbnailUrl":"https:\/\/premiumclinic.al\/wp-content\/uploads\/2025\/11\/PremiumClinicTirana3-e1764456984130.jpeg","datePublished":"2025-11-02T18:53:02+00:00","dateModified":"2025-12-27T19:49:05+00:00","description":"PREMIUM CLINIC \u00ebsht\u00eb nj\u00eb struktur\u00eb sh\u00ebrbimi sh\u00ebndet\u00ebsor n\u00eb t\u00eb cil\u00ebn g\u00ebrshetohen, profesionalizmi, cil\u00ebsia, eksperienca akademike, infrastuktura , aksesi, teknologjia m\u00eb e fundit mjek\u00ebsore, tradita familjare prej te pakten 5 dekadash p\u00ebr t\u00eb ofruar nivelin e sh\u00ebrbimit sh\u00ebndet\u00ebsor m\u00eb t\u00eb lart\u00eb ndaj qytetar\u00ebve, bazuar n\u00eb standarde dhe protokollet nd\u00ebrkomb\u00ebtare.","breadcrumb":{"@id":"http:\/\/premiumclinic.al\/blog\/#breadcrumb"},"inLanguage":"en-US","potentialAction":[{"@type":"ReadAction","target":["http:\/\/premiumclinic.al\/blog\/"]}]},{"@type":"ImageObject","inLanguage":"en-US","@id":"http:\/\/premiumclinic.al\/blog\/#primaryimage","url":"https:\/\/premiumclinic.al\/wp-content\/uploads\/2025\/11\/PremiumClinicTirana3-e1764456984130.jpeg","contentUrl":"https:\/\/premiumclinic.al\/wp-content\/uploads\/2025\/11\/PremiumClinicTirana3-e1764456984130.jpeg","width":1437,"height":1040,"caption":"Premium Clinic"},{"@type":"BreadcrumbList","@id":"http:\/\/premiumclinic.al\/blog\/#breadcrumb","itemListElement":[{"@type":"ListItem","position":1,"name":"Home","item":"https:\/\/premiumclinic.al\/"},{"@type":"ListItem","position":2,"name":"Publikime"}]},{"@type":"WebSite","@id":"http:\/\/premiumclinic.al\/#website","url":"http:\/\/premiumclinic.al\/","name":"Premium Clinic","description":"","publisher":{"@id":"http:\/\/premiumclinic.al\/#organization"},"potentialAction":[{"@type":"SearchAction","target":{"@type":"EntryPoint","urlTemplate":"http:\/\/premiumclinic.al\/?s={search_term_string}"},"query-input":{"@type":"PropertyValueSpecification","valueRequired":true,"valueName":"search_term_string"}}],"inLanguage":"en-US"},{"@type":["Organization","Place"],"@id":"http:\/\/premiumclinic.al\/#organization","name":"Premium Clinic","url":"http:\/\/premiumclinic.al\/","logo":{"@id":"http:\/\/premiumclinic.al\/blog\/#local-main-organization-logo"},"image":{"@id":"http:\/\/premiumclinic.al\/blog\/#local-main-organization-logo"},"telephone":[],"openingHoursSpecification":[{"@type":"OpeningHoursSpecification","dayOfWeek":["Monday","Tuesday","Wednesday","Thursday","Friday","Saturday","Sunday"],"opens":"09:00","closes":"17:00"}]},{"@type":"ImageObject","inLanguage":"en-US","@id":"http:\/\/premiumclinic.al\/blog\/#local-main-organization-logo","url":"https:\/\/premiumclinic.al\/wp-content\/uploads\/2025\/11\/Untitled-design-31.jpg","contentUrl":"https:\/\/premiumclinic.al\/wp-content\/uploads\/2025\/11\/Untitled-design-31.jpg","width":1000,"height":800,"caption":"Premium Clinic"}]}},"_links":{"self":[{"href":"https:\/\/premiumclinic.al\/en\/wp-json\/wp\/v2\/pages\/1306","targetHints":{"allow":["GET"]}}],"collection":[{"href":"https:\/\/premiumclinic.al\/en\/wp-json\/wp\/v2\/pages"}],"about":[{"href":"https:\/\/premiumclinic.al\/en\/wp-json\/wp\/v2\/types\/page"}],"author":[{"embeddable":true,"href":"https:\/\/premiumclinic.al\/en\/wp-json\/wp\/v2\/users\/1"}],"replies":[{"embeddable":true,"href":"https:\/\/premiumclinic.al\/en\/wp-json\/wp\/v2\/comments?post=1306"}],"version-history":[{"count":32,"href":"https:\/\/premiumclinic.al\/en\/wp-json\/wp\/v2\/pages\/1306\/revisions"}],"predecessor-version":[{"id":1990,"href":"https:\/\/premiumclinic.al\/en\/wp-json\/wp\/v2\/pages\/1306\/revisions\/1990"}],"wp:featuredmedia":[{"embeddable":true,"href":"https:\/\/premiumclinic.al\/en\/wp-json\/wp\/v2\/media\/1914"}],"wp:attachment":[{"href":"https:\/\/premiumclinic.al\/en\/wp-json\/wp\/v2\/media?parent=1306"}],"curies":[{"name":"wp","href":"https:\/\/api.w.org\/{rel}","templated":true}]}}